{"id":12347,"date":"2023-07-15T18:09:30","date_gmt":"2023-07-15T16:09:30","guid":{"rendered":"http:\/\/wolfgang.bclr.de\/?page_id=12347"},"modified":"2024-03-03T16:36:30","modified_gmt":"2024-03-03T15:36:30","slug":"presse","status":"publish","type":"page","link":"https:\/\/wolfgang.bclr.de\/en\/presse\/","title":{"rendered":"Press"},"content":{"rendered":"<div data-elementor-type=\"wp-post\" data-elementor-id=\"12347\" class=\"elementor elementor-12347\">\n\t\t\t\t\t\t<section class=\"elementor-section elementor-top-section elementor-element elementor-element-6cab674f elementor-section-stretched elementor-section-height-min-height elementor-section-items-bottom elementor-section-content-middle elementor-section-boxed elementor-section-height-default\" data-id=\"6cab674f\" data-element_type=\"section\" data-e-type=\"section\" data-settings=\"{&quot;stretch_section&quot;:&quot;section-stretched&quot;,&quot;background_background&quot;:&quot;classic&quot;}\">\n\t\t\t\t\t\t\t<div class=\"elementor-background-overlay\"><\/div>\n\t\t\t\t\t\t\t<div class=\"elementor-container elementor-column-gap-default\">\n\t\t\t\t\t<div class=\"elementor-column elementor-col-100 elementor-top-column elementor-element elementor-element-218bfcb\" data-id=\"218bfcb\" data-element_type=\"column\" data-e-type=\"column\">\n\t\t\t<div class=\"elementor-widget-wrap elementor-element-populated\">\n\t\t\t\t\t\t<div class=\"elementor-element elementor-element-62d9404 elementor-widget elementor-widget-heading\" data-id=\"62d9404\" data-element_type=\"widget\" data-e-type=\"widget\" data-widget_type=\"heading.default\">\n\t\t\t\t<div class=\"elementor-widget-container\">\n\t\t\t\t\t<h2 class=\"elementor-heading-title elementor-size-default\">Press<\/h2>\t\t\t\t<\/div>\n\t\t\t\t<\/div>\n\t\t\t\t<div class=\"elementor-element elementor-element-68eaa41d elementor-widget elementor-widget-spacer\" data-id=\"68eaa41d\" data-element_type=\"widget\" data-e-type=\"widget\" data-widget_type=\"spacer.default\">\n\t\t\t\t<div class=\"elementor-widget-container\">\n\t\t\t\t\t\t\t<div class=\"elementor-spacer\">\n\t\t\t<div class=\"elementor-spacer-inner\"><\/div>\n\t\t<\/div>\n\t\t\t\t\t\t<\/div>\n\t\t\t\t<\/div>\n\t\t\t\t<div class=\"elementor-element elementor-element-53c8b277 elementor-view-default elementor-widget elementor-widget-icon\" data-id=\"53c8b277\" data-element_type=\"widget\" data-e-type=\"widget\" data-widget_type=\"icon.default\">\n\t\t\t\t<div class=\"elementor-widget-container\">\n\t\t\t\t\t\t\t<div class=\"elementor-icon-wrapper\">\n\t\t\t<a class=\"elementor-icon\" href=\"\/en\/presse\/#next\">\n\t\t\t<i aria-hidden=\"true\" class=\"fas fa-long-arrow-alt-down\"><\/i>\t\t\t<\/a>\n\t\t<\/div>\n\t\t\t\t\t\t<\/div>\n\t\t\t\t<\/div>\n\t\t\t\t<div class=\"elementor-element elementor-element-25541230 elementor-widget elementor-widget-heading\" data-id=\"25541230\" data-element_type=\"widget\" data-e-type=\"widget\" data-widget_type=\"heading.default\">\n\t\t\t\t<div class=\"elementor-widget-container\">\n\t\t\t\t\t<div class=\"elementor-heading-title elementor-size-default\"><a href=\"\/en\/presse\/#next\">Read more<\/a><\/div>\t\t\t\t<\/div>\n\t\t\t\t<\/div>\n\t\t\t\t<div class=\"elementor-element elementor-element-f884aa3 elementor-widget elementor-widget-spacer\" data-id=\"f884aa3\" data-element_type=\"widget\" data-e-type=\"widget\" data-widget_type=\"spacer.default\">\n\t\t\t\t<div class=\"elementor-widget-container\">\n\t\t\t\t\t\t\t<div class=\"elementor-spacer\">\n\t\t\t<div class=\"elementor-spacer-inner\"><\/div>\n\t\t<\/div>\n\t\t\t\t\t\t<\/div>\n\t\t\t\t<\/div>\n\t\t\t\t\t<\/div>\n\t\t<\/div>\n\t\t\t\t\t<\/div>\n\t\t<\/section>\n\t\t\t\t<section class=\"elementor-section elementor-top-section elementor-element elementor-element-6257b3c8 elementor-section-boxed elementor-section-height-default elementor-section-height-default\" data-id=\"6257b3c8\" data-element_type=\"section\" data-e-type=\"section\" id=\"next\" data-settings=\"{&quot;background_background&quot;:&quot;classic&quot;}\">\n\t\t\t\t\t\t<div class=\"elementor-container elementor-column-gap-default\">\n\t\t\t\t\t<div class=\"elementor-column elementor-col-100 elementor-top-column elementor-element elementor-element-73c37147\" data-id=\"73c37147\" data-element_type=\"column\" data-e-type=\"column\" data-settings=\"{&quot;background_background&quot;:&quot;classic&quot;}\">\n\t\t\t<div class=\"elementor-widget-wrap elementor-element-populated\">\n\t\t\t\t\t\t<div class=\"elementor-element elementor-element-00955e8 elementor-widget elementor-widget-spacer\" data-id=\"00955e8\" data-element_type=\"widget\" data-e-type=\"widget\" data-widget_type=\"spacer.default\">\n\t\t\t\t<div class=\"elementor-widget-container\">\n\t\t\t\t\t\t\t<div class=\"elementor-spacer\">\n\t\t\t<div class=\"elementor-spacer-inner\"><\/div>\n\t\t<\/div>\n\t\t\t\t\t\t<\/div>\n\t\t\t\t<\/div>\n\t\t\t\t\t<\/div>\n\t\t<\/div>\n\t\t\t\t\t<\/div>\n\t\t<\/section>\n\t\t\t\t<section class=\"elementor-section elementor-top-section elementor-element elementor-element-27e055ae elementor-section-full_width elementor-section-height-default elementor-section-height-default\" data-id=\"27e055ae\" data-element_type=\"section\" data-e-type=\"section\" data-settings=\"{&quot;background_background&quot;:&quot;classic&quot;}\">\n\t\t\t\t\t\t<div class=\"elementor-container elementor-column-gap-default\">\n\t\t\t\t\t<div class=\"elementor-column elementor-col-100 elementor-top-column elementor-element elementor-element-714fe810\" data-id=\"714fe810\" data-element_type=\"column\" data-e-type=\"column\">\n\t\t\t<div class=\"elementor-widget-wrap elementor-element-populated\">\n\t\t\t\t\t\t<div class=\"elementor-element elementor-element-6508401d elementor-widget elementor-widget-text-editor\" data-id=\"6508401d\" data-element_type=\"widget\" data-e-type=\"widget\" data-widget_type=\"text-editor.default\">\n\t\t\t\t<div class=\"elementor-widget-container\">\n\t\t\t\t\t\t\t\t\t<h2>Press<\/h2><div class=\"date-list\"><div class=\"item\"><div class=\"date-list\"><div class=\"item\"><a href=\"https:\/\/www.nordbayern.de\/freizeit-events\/lost-found-eroffnete-spektakular-im-nurnberger-burggraben-1.11077552\" target=\"_blank\" rel=\"noopener\"><strong>2021<\/strong> &#8222;Lost and Found er\u00f6ffnete spektakul\u00e4r im N\u00fcrnberger Burggraben&#8220;, Nordbayern.de<\/a><\/div><\/div><div class=\"date-list\"><div class=\"item\"><strong>2021\u00a0<\/strong>&#8222;Zur Er\u00f6ffnung von Lost and Found 2 wurde der Burggraben zur Winterlandschaft&#8220;, Nordbayern.de<\/div><\/div><div class=\"date-list\"><div class=\"item\"><strong>2015\u00a0<\/strong>Reportage &#8222;die 10 skurrilsten H\u00e4user der Welt&#8220;, Kabel Eins<\/div><\/div><div class=\"date-list\"><div class=\"item\"><b>2014\u00a0<\/b>Kicker und Co, Nordbayerische Nachrichten<\/div><\/div><div class=\"date-list\"><div class=\"item\"><b>2014\u00a0<\/b>Reportage mobiles Baumhaus &#8222;living in a box&#8220; Galileo Pro7<\/div><\/div><div class=\"date-list\"><div class=\"item\"><strong>2014\u00a0<\/strong>Kunstzeitung, Kunst und Material, Portrait Wolfgang Karl May<\/div><\/div><div class=\"date-list\"><div class=\"item\"><strong>2012\u00a0<\/strong>&#8222;Und der Gewinner ist&#8230;&#8220; Katalog, Institut f\u00fcr Moderne Kunst, N\u00fcrnberg<\/div><\/div><div class=\"date-list\"><div class=\"item\"><strong>2011\u00a0<\/strong>Wolfgang Karl May ist neuer \u201eartist in residence\u201c der Universit\u00e4t Witten\/Herdecke im \u00a0 \u00a0 \u00a0 \u00a0 \u00a0 \u00a0 <br \/>\u00a0 \u00a0 \u00a0 \u00a0 Sommersemester 2011<\/div><\/div><div class=\"date-list\"><div class=\"item\"><strong>2011\u00a0<\/strong>WDR-Reportage: mobiles Baumhaus an der Uni Witten<\/div><\/div><div class=\"date-list\"><div class=\"item\"><strong>2011\u00a0<\/strong>Dozent schl\u00e4ft im Baumhaus WAZ 8. April 2011<\/div><\/div><div class=\"date-list\"><div class=\"item\"><strong>2011\u00a0<\/strong>Vom Baumhaus in die Uni, Ruhr Nachrichten<\/div><\/div><div class=\"date-list\"><div class=\"item\"><strong>2010\u00a0<\/strong>NY Dansk Kunst, when a tree falls in the forest, Kunst Kommunikerer, Kopenhagen &#8211;&gt;\u00a0<\/div><div class=\"item\">\u00a0 \u00a0 \u00a0 \u00a0 more &#8222;G\u00e6stfrihed i S\u00f8lyst&#8220; Kunsten.Nu<\/div><\/div><div class=\"date-list\"><div class=\"item\"><strong>2009\u00a0<\/strong>Im Baumhaus durch die Welt, Fraenkischer Tag 26.Juni 2009<\/div><\/div><div class=\"date-list\"><div class=\"item\"><strong>2009\u00a0<\/strong>&#8222;500 Jahre Albrecht-Duerer-Haus, Performance Duerer Ahoi, Nuernberger Zeitung 19.Juni 2009<\/div><\/div><div class=\"date-list\"><div class=\"item\"><b>2009\u00a0<\/b>Baumhaus am Altstadtrand, Zuendfunk Bayern 2, 23.Juni 2009<\/div><\/div><div class=\"date-list\"><div class=\"item\"><strong>2009\u00a0<\/strong>K\u00fcnstler Wolfgang Karl May besetzt den Tierg\u00e4rtnertorplatz, 19. Juni 2009<\/div><\/div><div class=\"date-list\"><div class=\"item\"><strong>2009\u00a0<\/strong>Stadtverf\u00fchrungen, Schattenblick\/Bayerntext 19.Juni 2009<\/div><\/div><div class=\"date-list\"><div class=\"item\"><strong>2009\u00a0<\/strong>Gute Nacht im Baumhaus, Nuernberger Zeitung, 19.Juni 2009<\/div><\/div><div class=\"date-list\"><div class=\"item\"><strong>2009\u00a0<\/strong>&#8222;Kunstauftrieb zu Ehren D\u00fcrers, Nuernberger Nachrichten, 19.Juni 2009<\/div><\/div><div class=\"date-list\"><div class=\"item\"><strong>2009\u00a0<\/strong>F\u00fcr D\u00fcrer, Nuernberger K\u00fcnstler klettert ins Baumhaus, Abendzeitung, 19.Juni 2009<\/div><\/div><div class=\"date-list\"><div class=\"item\"><strong>2009\u00a0<\/strong>Verr\u00fcckte Stadt(ver)f\u00fchrungen, Baumhaus-Aktion, PrimaSonntag, 20.Juni 2009<\/div><\/div><div class=\"date-list\"><div class=\"item\"><strong>2009\u00a0<\/strong>Die Kunst verf\u00fchrt, Sonntagsblitz, 21.Juni 2009<\/div><\/div><div class=\"date-list\"><div class=\"item\"><strong>2009\u00a0<\/strong>Frau Agnes f\u00fchrt selbst, Donau Kurier 1.7,2009<\/div><\/div><div class=\"date-list\"><div class=\"item\"><strong>2009\u00a0<\/strong>Stadtverfuehrungen Nuernberg, youtube<\/div><\/div><div class=\"date-list\"><div class=\"item\"><b>2009<\/b> Nuernberg feiert das Duerer-Haus, Fraenkischer Tag 6. Mai 2009<\/div><\/div><div class=\"date-list\"><div class=\"item\"><strong>2009\u00a0<\/strong>Nuernberg verfuehrt mit neuen Perspektiven, Mittelbayerische Zeitung<\/div><\/div><div class=\"date-list\"><div class=\"item\"><strong>2009\u00a0<\/strong>K\u00fcnstler-Refugium feiert Geburtstag, Frankenpost 10.6.2009<\/div><\/div><div class=\"date-list\"><div class=\"item\"><strong>2009\u00a0<\/strong>30000 Nuernberger liessen sich verfuehren 22. Juni 2009<\/div><\/div><div class=\"date-list\"><div class=\"item\"><strong>2009\u00a0<\/strong>Auf den Spuren der K\u00fcnstler, Nuernberger Nachrichten 15.Juni 2009<\/div><\/div><div class=\"date-list\"><div class=\"item\"><strong>2009\u00a0<\/strong>Fans stuermen Kulturpalast, Abendzeitung 24.6.2009<\/div><\/div><div class=\"date-list\"><div class=\"item\"><strong>2009\u00a0<\/strong>Kunst und Kultur in Anwanden, Frankenreport 3.6.2009<\/div><\/div><div class=\"date-list\"><div class=\"item\"><strong>2009\u00a0<\/strong>Eroeffnungsrede Duerer Ahoi, Daniel Szemeredy 19.Juni 2009<\/div><\/div><div class=\"date-list\"><div class=\"item\"><strong>2009\u00a0<\/strong>Land Kunst &#8211; Kunst Land, Kulturpalast Anwanden<\/div><\/div><div class=\"date-list\"><div class=\"item\"><strong>2008\u00a0<\/strong>Im mobilen Baumhaus, Nuernberger Nachrichten, 10.Okt. 2008<\/div><\/div><div class=\"date-list\"><div class=\"item\"><strong>2008\u00a0<\/strong>&#8222;Ein N\u00fcrnberger Baumhaus f\u00fcr New York, Nuernberger Zeitung, 9.Okt.08<\/div><\/div><div class=\"date-list\"><div class=\"item\"><strong>2008\u00a0<\/strong>&#8222;Das Wohlgef\u00fchl hat sich aus dem Staub gemacht, Abendzeitung 8.Okt.08<\/div><\/div><div class=\"date-list\"><div class=\"item\"><strong>2008\u00a0<\/strong>Durchs Dunkel zur Erkenntnis, Deggendorfer Zeitung 9.Juli 2008<\/div><\/div><div class=\"date-list\"><div class=\"item\"><strong>2008\u00a0<\/strong>Wo die Kunst cellebriert wird, Passauer Neue Presse 9.Juli 2008<\/div><\/div><div class=\"date-list\"><div class=\"item\"><strong>2008\u00a0<\/strong>Tischlein tausch dich, Sueddeutsche Zeitung 6.M\u00e4rz<\/div><\/div><div class=\"date-list\"><div class=\"item\"><strong>2008\u00a0<\/strong>homework on nuremberg, Feuilleton Nuernberger Nachrichten 5 M\u00e4rz 2008<\/div><\/div><div class=\"date-list\"><div class=\"item\"><strong>2008\u00a0<\/strong>N\u00fcrnberger bitten zu Tisch, Nuernberger Zeitung, 5.M\u00e4rz<\/div><\/div><div class=\"date-list\"><div class=\"item\"><strong>2008\u00a0<\/strong>Hier h\u00e4ngt der Tisch des Polizeichefs an der Wand, Bildzeitung. 5.M\u00e4rz<\/div><\/div><div class=\"date-list\"><div class=\"item\"><strong>2008\u00a0<\/strong>Was ein Tisch zu erz\u00e4hlen hat, Nuernberger Nachrichten, Kultour, 12.M\u00e4rz<\/div><\/div><div class=\"date-list\"><div class=\"item\"><strong>2008\u00a0<\/strong>homework, Abendzeitung Nuremberg, 05 Mar, &#8222;homework&#8220;, press release<\/div><\/div><div class=\"date-list\"><div class=\"item\"><strong>2008\u00a0<\/strong>wunderlust, hustler of culture, Los Angeles, 08 Jan<\/div><\/div><div class=\"date-list\"><div class=\"item\"><strong>2007\u00a0<\/strong>Gernstl was here, Nuernberger Nachrichten Newspaper 8.1.2007<\/div><\/div><div class=\"date-list\"><div class=\"item\"><strong>2007\u00a0<\/strong>mobile tree house, Nuernberger Nachrichten Newspaper<\/div><\/div><div class=\"date-list\"><div class=\"item\"><strong>2007\u00a0<\/strong>stay overnight in the art tree house, Westf\u00e4lische Rundschau, Dortmund<\/div><\/div><div class=\"date-list\"><div class=\"item\"><strong>2007\u00a0<\/strong>dormArt, Westf\u00e4lische Rundschau<\/div><\/div><div class=\"date-list\"><div class=\"item\"><strong>2007\u00a0<\/strong>Gernstl unterwegs, Bavarian Television<\/div><\/div><div class=\"date-list\"><div class=\"item\"><strong>2005\u00a0<\/strong>Raum 8-die Bildhauerschule Bruno Gironcoli, von Werner W\u00fcrtinger<\/div><\/div><div class=\"date-list\"><div class=\"item\"><strong>2005\u00a0<\/strong>uncanny cosy, Nuernberger Nachrichten Newspaper 9.3.05<\/div><\/div><div class=\"date-list\"><div class=\"item\"><strong>2004\u00a0<\/strong>a dream in the tree, S\u00fcdstern 2\/2004<\/div><\/div><div class=\"date-list\"><div class=\"item\"><strong>2003\u00a0<\/strong>the world in lebkuchen(cookie) view, N\u00fcrnberger Nachrichten Newspaper12.2.03<\/div><\/div><div class=\"date-list\"><div class=\"item\"><strong>2002\u00a0<\/strong>\u201etreehouse exhibition\u201c, Evening newspaper Nuremberg<\/div><\/div><div class=\"date-list\"><div class=\"item\"><strong>2002\u00a0<\/strong>Citizendesire to the homegame, Nuernberger Nachrichten Newspaper, 14\/15 Sep.<\/div><\/div><div class=\"date-list\"><div class=\"item\"><strong>2002\u00a0<\/strong>The best is fast passing, Fr\u00e4nkischer Tag, 19.Sep<\/div><\/div><div class=\"date-list\"><div class=\"item\"><strong>2002\u00a0<\/strong>Fr\u00e4nkische Nacht Nr. 186 16Jg. Okt.02<\/div><\/div><div class=\"date-list\"><div class=\"item\"><strong>2002\u00a0<\/strong>Theatralitaet and personality, Univers 04\/ Juni<\/div><\/div><div class=\"date-list\"><div class=\"item\"><strong>2002\u00a0<\/strong>the old city hall became soccerl field, city hall journal 20\/2002<\/div><\/div><div class=\"date-list\"><div class=\"item\"><strong>2002\u00a0<\/strong>the rider the Ross and the soccer game, Frankish Day newspaper<\/div><\/div><div class=\"date-list\"><div class=\"item\"><strong>2002\u00a0<\/strong>the rider in the city hall&#8220; North Bavarian Courier and Frankish Day newspaper 6.Sep.<\/div><\/div><div class=\"date-list\"><div class=\"item\"><strong>2002\u00a0<\/strong>Wolfgang Karl May receives Volker-Hinniger-artprice, city hall Jornal, Bamberg<\/div><\/div><div class=\"date-list\"><div class=\"item\"><strong>2002\u00a0<\/strong>high above, topics of the year, Nuernberger Nachrichten 24.12<\/div><\/div><div class=\"date-list\"><div class=\"item\"><strong>2002\u00a0<\/strong>culture review, Nuernberger Newspaper 31.12.<\/div><\/div><div class=\"date-list\"><div class=\"item\"><strong>2002\u00a0<\/strong>Kultour, Wolfgang Karl May, Nuernberger Nachrichten Newspaper 26.Juni<\/div><\/div><div class=\"date-list\"><div class=\"item\"><strong>2002\u00a0<\/strong>tree house is saved, Nuernberger Nachrichten Newspaper 22.5.<\/div><\/div><div class=\"date-list\"><div class=\"item\"><strong>2002\u00a0<\/strong>hope for tree house, Nuernberger Nachrichten Newspaper<\/div><\/div><div class=\"date-list\"><div class=\"item\"><strong>2002\u00a0<\/strong>volunteers tear, Nuernberger Nachrichten Newspaper<\/div><\/div><div class=\"date-list\"><div class=\"item\"><strong>2002\u00a0<\/strong>treehouse, Frankonian Television<\/div><\/div><div class=\"date-list\"><div class=\"item\"><strong>2002\u00a0<\/strong>up to one quarter million euro obligation money threatened, Nuernberger Nachrichtren<\/div><\/div><div class=\"date-list\"><div class=\"item\"><strong>2002\u00a0<\/strong>Werderauer want to keep tree house, Nuernberger Nachrichten, city indicator<\/div><\/div><div class=\"date-list\"><div class=\"item\"><strong>2002\u00a0<\/strong>that would be a loss for the whole settlement, Nuernberger newspaper 1.5.<\/div><\/div><div class=\"date-list\"><div class=\"item\"><strong>2002\u00a0<\/strong>studio in the forked stick, Nuernberger newspaper<\/div><\/div><div class=\"date-list\"><div class=\"item\"><strong>2002\u00a0<\/strong>deep-sitting longings, 20.3.<\/div><\/div><div class=\"date-list\"><div class=\"item\"><strong>2001\u00a0<\/strong>the explosive strength of the art, evening paper<\/div><\/div><div class=\"date-list\"><div class=\"item\"><strong>2001\u00a0<\/strong>fire-brigade versus art: May trees cleared, Nuernberger Nachrichten<\/div><\/div><div class=\"date-list\"><div class=\"item\"><strong>2001\u00a0<\/strong>tree cave and fringe patterns, Nuernberger newspaper 17.1<\/div><\/div><div class=\"date-list\"><div class=\"item\"><strong>2001\u00a0<\/strong>recycling for Christmas trees, Nuernberger Nachrichten Newspaper 17.1<\/div><\/div><div class=\"date-list\"><div class=\"item\"><strong>2001\u00a0<\/strong>cemetery of the Christmas trees, evening paper 17.1<\/div><\/div><\/div><\/div>\t\t\t\t\t\t\t\t<\/div>\n\t\t\t\t<\/div>\n\t\t\t\t<div class=\"elementor-element elementor-element-8da8600 elementor-widget elementor-widget-spacer\" data-id=\"8da8600\" data-element_type=\"widget\" data-e-type=\"widget\" data-widget_type=\"spacer.default\">\n\t\t\t\t<div class=\"elementor-widget-container\">\n\t\t\t\t\t\t\t<div class=\"elementor-spacer\">\n\t\t\t<div class=\"elementor-spacer-inner\"><\/div>\n\t\t<\/div>\n\t\t\t\t\t\t<\/div>\n\t\t\t\t<\/div>\n\t\t\t\t\t<\/div>\n\t\t<\/div>\n\t\t\t\t\t<\/div>\n\t\t<\/section>\n\t\t\t\t<\/div>","protected":false},"excerpt":{"rendered":"<p>PressE Mehr erfahren Presse 2021 &#8222;Lost and Found er\u00f6ffnete spektakul\u00e4r&hellip;<\/p>\n<p> <a class=\"more-link\" href=\"https:\/\/wolfgang.bclr.de\/en\/presse\/\">Read more<\/a><\/p>","protected":false},"author":1,"featured_media":0,"parent":0,"menu_order":0,"comment_status":"closed","ping_status":"closed","template":"","meta":{"footnotes":""},"class_list":["post-12347","page","type-page","status-publish"],"_links":{"self":[{"href":"https:\/\/wolfgang.bclr.de\/en\/wp-json\/wp\/v2\/pages\/12347","targetHints":{"allow":["GET"]}}],"collection":[{"href":"https:\/\/wolfgang.bclr.de\/en\/wp-json\/wp\/v2\/pages"}],"about":[{"href":"https:\/\/wolfgang.bclr.de\/en\/wp-json\/wp\/v2\/types\/page"}],"author":[{"embeddable":true,"href":"https:\/\/wolfgang.bclr.de\/en\/wp-json\/wp\/v2\/users\/1"}],"replies":[{"embeddable":true,"href":"https:\/\/wolfgang.bclr.de\/en\/wp-json\/wp\/v2\/comments?post=12347"}],"version-history":[{"count":10,"href":"https:\/\/wolfgang.bclr.de\/en\/wp-json\/wp\/v2\/pages\/12347\/revisions"}],"predecessor-version":[{"id":13988,"href":"https:\/\/wolfgang.bclr.de\/en\/wp-json\/wp\/v2\/pages\/12347\/revisions\/13988"}],"wp:attachment":[{"href":"https:\/\/wolfgang.bclr.de\/en\/wp-json\/wp\/v2\/media?parent=12347"}],"curies":[{"name":"wp","href":"https:\/\/api.w.org\/{rel}","templated":true}]}}